{"id":406,"date":"2026-03-02T21:16:41","date_gmt":"2026-03-02T21:16:41","guid":{"rendered":"https:\/\/flowarchery.com\/?post_type=product&#038;p=406"},"modified":"2026-03-31T17:46:31","modified_gmt":"2026-03-31T15:46:31","slug":"couches-protectrices-de-remplacement","status":"publish","type":"product","link":"https:\/\/flowarchery.com\/en\/product\/couches-protectrices-de-remplacement\/","title":{"rendered":"Couches de remplacement"},"content":{"rendered":"<p data-start=\"164\" data-end=\"337\">Ce cuir de remplacement, fabriqu\u00e9 en cuir de kangourou stabilis\u00e9, permet de prolonger la dur\u00e9e de vie de votre palette tout en conservant les sensations d\u2019origine.<\/p>\n<p data-start=\"339\" data-end=\"555\">Facile \u00e0 installer, il remplace le cuir us\u00e9 en quelques minutes.\u00a0Vous conservez ainsi le m\u00eame confort, la m\u00eame pr\u00e9cision et la m\u00eame r\u00e9gularit\u00e9 fl\u00e8che apr\u00e8s fl\u00e8che.<\/p>\n<p data-start=\"557\" data-end=\"688\">Cette solution permet de garder votre palette \u00e0 son meilleur niveau sans avoir \u00e0 remplacer la palette compl\u00e8te.<\/p>\n<p data-start=\"557\" data-end=\"688\">Il est recommand\u00e9 de renouveler votre cuir au d\u00e9but de chaque saison ou au bout de 20 000 fl\u00e8ches.<\/p>","protected":false},"excerpt":{"rendered":"<h3>Couches de remplacement<\/h3>","protected":false},"featured_media":2240,"comment_status":"closed","ping_status":"closed","template":"","meta":{"saved_in_kubio":false,"_uag_custom_page_level_css":""},"product_brand":[],"product_cat":[15],"product_tag":[],"class_list":{"0":"post-406","1":"product","2":"type-product","3":"status-publish","4":"has-post-thumbnail","6":"product_cat-palette","7":"product_shipping_class-bracelet","9":"first","10":"instock","11":"shipping-taxable","12":"purchasable","13":"product-type-variable"},"yoast_head":"<!-- This site is optimized with the Yoast SEO plugin v27.3 - https:\/\/yoast.com\/product\/yoast-seo-wordpress\/ -->\n<title>Couches de remplacement - Flow Archery<\/title>\n<meta name=\"robots\" content=\"index, follow, max-snippet:-1, max-image-preview:large, max-video-preview:-1\" \/>\n<link rel=\"canonical\" href=\"https:\/\/flowarchery.com\/en\/product\/couches-protectrices-de-remplacement\/\" \/>\n<meta property=\"og:locale\" content=\"en_US\" \/>\n<meta property=\"og:type\" content=\"article\" \/>\n<meta property=\"og:title\" content=\"Couches de remplacement - Flow Archery\" \/>\n<meta property=\"og:description\" content=\"Couches de remplacement\" \/>\n<meta property=\"og:url\" content=\"https:\/\/flowarchery.com\/en\/product\/couches-protectrices-de-remplacement\/\" \/>\n<meta property=\"og:site_name\" content=\"Flow Archery\" \/>\n<meta property=\"article:modified_time\" content=\"2026-03-31T15:46:31+00:00\" \/>\n<meta property=\"og:image\" content=\"https:\/\/flowarchery.com\/wp-content\/uploads\/2026\/03\/couche-remplacement-2-scaled-e1773606365739.jpg\" \/>\n\t<meta property=\"og:image:width\" content=\"1707\" \/>\n\t<meta property=\"og:image:height\" content=\"1707\" \/>\n\t<meta property=\"og:image:type\" content=\"image\/jpeg\" \/>\n<meta name=\"twitter:card\" content=\"summary_large_image\" \/>\n<meta name=\"twitter:label1\" content=\"Est. reading time\" \/>\n\t<meta name=\"twitter:data1\" content=\"1 minute\" \/>\n<script type=\"application\/ld+json\" class=\"yoast-schema-graph\">{\"@context\":\"https:\\\/\\\/schema.org\",\"@graph\":[{\"@type\":\"WebPage\",\"@id\":\"https:\\\/\\\/flowarchery.com\\\/produit\\\/couches-protectrices-de-remplacement\\\/\",\"url\":\"https:\\\/\\\/flowarchery.com\\\/produit\\\/couches-protectrices-de-remplacement\\\/\",\"name\":\"Couches de remplacement - Flow Archery\",\"isPartOf\":{\"@id\":\"https:\\\/\\\/flowarchery.com\\\/#website\"},\"primaryImageOfPage\":{\"@id\":\"https:\\\/\\\/flowarchery.com\\\/produit\\\/couches-protectrices-de-remplacement\\\/#primaryimage\"},\"image\":{\"@id\":\"https:\\\/\\\/flowarchery.com\\\/produit\\\/couches-protectrices-de-remplacement\\\/#primaryimage\"},\"thumbnailUrl\":\"https:\\\/\\\/flowarchery.com\\\/wp-content\\\/uploads\\\/2026\\\/03\\\/couche-remplacement-2-scaled-e1773606365739.jpg\",\"datePublished\":\"2026-03-02T21:16:41+00:00\",\"dateModified\":\"2026-03-31T15:46:31+00:00\",\"breadcrumb\":{\"@id\":\"https:\\\/\\\/flowarchery.com\\\/produit\\\/couches-protectrices-de-remplacement\\\/#breadcrumb\"},\"inLanguage\":\"en-US\",\"potentialAction\":[{\"@type\":\"ReadAction\",\"target\":[\"https:\\\/\\\/flowarchery.com\\\/produit\\\/couches-protectrices-de-remplacement\\\/\"]}]},{\"@type\":\"ImageObject\",\"inLanguage\":\"en-US\",\"@id\":\"https:\\\/\\\/flowarchery.com\\\/produit\\\/couches-protectrices-de-remplacement\\\/#primaryimage\",\"url\":\"https:\\\/\\\/flowarchery.com\\\/wp-content\\\/uploads\\\/2026\\\/03\\\/couche-remplacement-2-scaled-e1773606365739.jpg\",\"contentUrl\":\"https:\\\/\\\/flowarchery.com\\\/wp-content\\\/uploads\\\/2026\\\/03\\\/couche-remplacement-2-scaled-e1773606365739.jpg\",\"width\":1707,\"height\":1707},{\"@type\":\"BreadcrumbList\",\"@id\":\"https:\\\/\\\/flowarchery.com\\\/produit\\\/couches-protectrices-de-remplacement\\\/#breadcrumb\",\"itemListElement\":[{\"@type\":\"ListItem\",\"position\":1,\"name\":\"Accueil\",\"item\":\"https:\\\/\\\/flowarchery.com\\\/\"},{\"@type\":\"ListItem\",\"position\":2,\"name\":\"Shop\",\"item\":\"https:\\\/\\\/flowarchery.com\\\/shop\\\/\"},{\"@type\":\"ListItem\",\"position\":3,\"name\":\"Couches de remplacement\"}]},{\"@type\":\"WebSite\",\"@id\":\"https:\\\/\\\/flowarchery.com\\\/#website\",\"url\":\"https:\\\/\\\/flowarchery.com\\\/\",\"name\":\"Flow Archery\",\"description\":\"#shootwithflow\",\"publisher\":{\"@id\":\"https:\\\/\\\/flowarchery.com\\\/#organization\"},\"potentialAction\":[{\"@type\":\"SearchAction\",\"target\":{\"@type\":\"EntryPoint\",\"urlTemplate\":\"https:\\\/\\\/flowarchery.com\\\/?s={search_term_string}\"},\"query-input\":{\"@type\":\"PropertyValueSpecification\",\"valueRequired\":true,\"valueName\":\"search_term_string\"}}],\"inLanguage\":\"en-US\"},{\"@type\":\"Organization\",\"@id\":\"https:\\\/\\\/flowarchery.com\\\/#organization\",\"name\":\"Flow Archery\",\"url\":\"https:\\\/\\\/flowarchery.com\\\/\",\"logo\":{\"@type\":\"ImageObject\",\"inLanguage\":\"en-US\",\"@id\":\"https:\\\/\\\/flowarchery.com\\\/#\\\/schema\\\/logo\\\/image\\\/\",\"url\":\"https:\\\/\\\/flowarchery.com\\\/wp-content\\\/uploads\\\/2026\\\/02\\\/flow-png.png\",\"contentUrl\":\"https:\\\/\\\/flowarchery.com\\\/wp-content\\\/uploads\\\/2026\\\/02\\\/flow-png.png\",\"width\":2005,\"height\":724,\"caption\":\"Flow Archery\"},\"image\":{\"@id\":\"https:\\\/\\\/flowarchery.com\\\/#\\\/schema\\\/logo\\\/image\\\/\"},\"sameAs\":[\"https:\\\/\\\/www.instagram.com\\\/flow.archery\\\/\"]}]}<\/script>\n<!-- \/ Yoast SEO plugin. -->","yoast_head_json":{"title":"Couches de remplacement - Flow Archery","robots":{"index":"index","follow":"follow","max-snippet":"max-snippet:-1","max-image-preview":"max-image-preview:large","max-video-preview":"max-video-preview:-1"},"canonical":"https:\/\/flowarchery.com\/en\/product\/couches-protectrices-de-remplacement\/","og_locale":"en_US","og_type":"article","og_title":"Couches de remplacement - Flow Archery","og_description":"Couches de remplacement","og_url":"https:\/\/flowarchery.com\/en\/product\/couches-protectrices-de-remplacement\/","og_site_name":"Flow Archery","article_modified_time":"2026-03-31T15:46:31+00:00","og_image":[{"width":1707,"height":1707,"url":"https:\/\/flowarchery.com\/wp-content\/uploads\/2026\/03\/couche-remplacement-2-scaled-e1773606365739.jpg","type":"image\/jpeg"}],"twitter_card":"summary_large_image","twitter_misc":{"Est. reading time":"1 minute"},"schema":{"@context":"https:\/\/schema.org","@graph":[{"@type":"WebPage","@id":"https:\/\/flowarchery.com\/produit\/couches-protectrices-de-remplacement\/","url":"https:\/\/flowarchery.com\/produit\/couches-protectrices-de-remplacement\/","name":"Couches de remplacement - Flow Archery","isPartOf":{"@id":"https:\/\/flowarchery.com\/#website"},"primaryImageOfPage":{"@id":"https:\/\/flowarchery.com\/produit\/couches-protectrices-de-remplacement\/#primaryimage"},"image":{"@id":"https:\/\/flowarchery.com\/produit\/couches-protectrices-de-remplacement\/#primaryimage"},"thumbnailUrl":"https:\/\/flowarchery.com\/wp-content\/uploads\/2026\/03\/couche-remplacement-2-scaled-e1773606365739.jpg","datePublished":"2026-03-02T21:16:41+00:00","dateModified":"2026-03-31T15:46:31+00:00","breadcrumb":{"@id":"https:\/\/flowarchery.com\/produit\/couches-protectrices-de-remplacement\/#breadcrumb"},"inLanguage":"en-US","potentialAction":[{"@type":"ReadAction","target":["https:\/\/flowarchery.com\/produit\/couches-protectrices-de-remplacement\/"]}]},{"@type":"ImageObject","inLanguage":"en-US","@id":"https:\/\/flowarchery.com\/produit\/couches-protectrices-de-remplacement\/#primaryimage","url":"https:\/\/flowarchery.com\/wp-content\/uploads\/2026\/03\/couche-remplacement-2-scaled-e1773606365739.jpg","contentUrl":"https:\/\/flowarchery.com\/wp-content\/uploads\/2026\/03\/couche-remplacement-2-scaled-e1773606365739.jpg","width":1707,"height":1707},{"@type":"BreadcrumbList","@id":"https:\/\/flowarchery.com\/produit\/couches-protectrices-de-remplacement\/#breadcrumb","itemListElement":[{"@type":"ListItem","position":1,"name":"Accueil","item":"https:\/\/flowarchery.com\/"},{"@type":"ListItem","position":2,"name":"Shop","item":"https:\/\/flowarchery.com\/shop\/"},{"@type":"ListItem","position":3,"name":"Couches de remplacement"}]},{"@type":"WebSite","@id":"https:\/\/flowarchery.com\/#website","url":"https:\/\/flowarchery.com\/","name":"Flow Archery","description":"#shootwithflow","publisher":{"@id":"https:\/\/flowarchery.com\/#organization"},"potentialAction":[{"@type":"SearchAction","target":{"@type":"EntryPoint","urlTemplate":"https:\/\/flowarchery.com\/?s={search_term_string}"},"query-input":{"@type":"PropertyValueSpecification","valueRequired":true,"valueName":"search_term_string"}}],"inLanguage":"en-US"},{"@type":"Organization","@id":"https:\/\/flowarchery.com\/#organization","name":"Flow Archery","url":"https:\/\/flowarchery.com\/","logo":{"@type":"ImageObject","inLanguage":"en-US","@id":"https:\/\/flowarchery.com\/#\/schema\/logo\/image\/","url":"https:\/\/flowarchery.com\/wp-content\/uploads\/2026\/02\/flow-png.png","contentUrl":"https:\/\/flowarchery.com\/wp-content\/uploads\/2026\/02\/flow-png.png","width":2005,"height":724,"caption":"Flow Archery"},"image":{"@id":"https:\/\/flowarchery.com\/#\/schema\/logo\/image\/"},"sameAs":["https:\/\/www.instagram.com\/flow.archery\/"]}]}},"uagb_featured_image_src":{"full":["https:\/\/flowarchery.com\/wp-content\/uploads\/2026\/03\/couche-remplacement-2-scaled-e1773606365739.jpg",1707,1707,false],"thumbnail":["https:\/\/flowarchery.com\/wp-content\/uploads\/2026\/03\/couche-remplacement-2-scaled-e1773606365739-150x150.jpg",150,150,true],"medium":["https:\/\/flowarchery.com\/wp-content\/uploads\/2026\/03\/couche-remplacement-2-scaled-e1773606365739-300x300.jpg",300,300,true],"medium_large":["https:\/\/flowarchery.com\/wp-content\/uploads\/2026\/03\/couche-remplacement-2-scaled-e1773606365739-768x768.jpg",768,768,true],"large":["https:\/\/flowarchery.com\/wp-content\/uploads\/2026\/03\/couche-remplacement-2-scaled-e1773606365739-1024x1024.jpg",1024,1024,true],"1536x1536":["https:\/\/flowarchery.com\/wp-content\/uploads\/2026\/03\/couche-remplacement-2-scaled-e1773606365739-1536x1536.jpg",1536,1536,true],"2048x2048":["https:\/\/flowarchery.com\/wp-content\/uploads\/2026\/03\/couche-remplacement-2-1365x2048.jpg",1365,2048,true],"trp-custom-language-flag":["https:\/\/flowarchery.com\/wp-content\/uploads\/2026\/03\/couche-remplacement-2-scaled-e1773606365739.jpg",12,12,false],"kubio-fullhd":["https:\/\/flowarchery.com\/wp-content\/uploads\/2026\/03\/couche-remplacement-2-scaled-e1773606365739-1080x1080.jpg",1080,1080,true],"woocommerce_thumbnail":["https:\/\/flowarchery.com\/wp-content\/uploads\/2026\/03\/couche-remplacement-2-scaled-e1773606365739-800x800.jpg",800,800,true],"woocommerce_single":["https:\/\/flowarchery.com\/wp-content\/uploads\/2026\/03\/couche-remplacement-2-scaled-e1773606365739-800x800.jpg",800,800,true],"woocommerce_gallery_thumbnail":["https:\/\/flowarchery.com\/wp-content\/uploads\/2026\/03\/couche-remplacement-2-scaled-e1773606365739-100x100.jpg",100,100,true]},"uagb_author_info":{"display_name":"romain","author_link":"https:\/\/flowarchery.com\/en\/author\/"},"uagb_comment_info":0,"uagb_excerpt":"Couches de remplacement","jetpack_sharing_enabled":true,"_links":{"self":[{"href":"https:\/\/flowarchery.com\/en\/wp-json\/wp\/v2\/product\/406","targetHints":{"allow":["GET"]}}],"collection":[{"href":"https:\/\/flowarchery.com\/en\/wp-json\/wp\/v2\/product"}],"about":[{"href":"https:\/\/flowarchery.com\/en\/wp-json\/wp\/v2\/types\/product"}],"replies":[{"embeddable":true,"href":"https:\/\/flowarchery.com\/en\/wp-json\/wp\/v2\/comments?post=406"}],"wp:featuredmedia":[{"embeddable":true,"href":"https:\/\/flowarchery.com\/en\/wp-json\/wp\/v2\/media\/2240"}],"wp:attachment":[{"href":"https:\/\/flowarchery.com\/en\/wp-json\/wp\/v2\/media?parent=406"}],"wp:term":[{"taxonomy":"product_brand","embeddable":true,"href":"https:\/\/flowarchery.com\/en\/wp-json\/wp\/v2\/product_brand?post=406"},{"taxonomy":"product_cat","embeddable":true,"href":"https:\/\/flowarchery.com\/en\/wp-json\/wp\/v2\/product_cat?post=406"},{"taxonomy":"product_tag","embeddable":true,"href":"https:\/\/flowarchery.com\/en\/wp-json\/wp\/v2\/product_tag?post=406"}],"curies":[{"name":"wp","href":"https:\/\/api.w.org\/{rel}","templated":true}]}}