{"id":2844,"date":"2026-03-28T17:45:38","date_gmt":"2026-03-28T17:45:38","guid":{"rendered":"https:\/\/flowarchery.com\/?post_type=product&#038;p=2844"},"modified":"2026-03-31T19:20:15","modified_gmt":"2026-03-31T17:20:15","slug":"bracelet-flow","status":"publish","type":"product","link":"https:\/\/flowarchery.com\/en\/product\/bracelet-flow\/","title":{"rendered":"Bracelet FLOW"},"content":{"rendered":"<p>Prot\u00e8ge-bras imprim\u00e9 en 3D en polyur\u00e9thane, alliant confort et flexibilit\u00e9. Son design holographique unique lui donne un rendu visuel qui change selon l&rsquo;angle de la lumi\u00e8re. L\u00e9ger, ergonomique et pens\u00e9 pour s&rsquo;adapter parfaitement \u00e0 votre avant-bras pendant le tir avec ses lani\u00e8res r\u00e9glables. <\/p>","protected":false},"excerpt":{"rendered":"<h3><span class=\"svelte-x57wqa\">Bracelet FLOW<\/span><\/h3>","protected":false},"featured_media":2848,"comment_status":"open","ping_status":"closed","template":"","meta":{"saved_in_kubio":false,"_uag_custom_page_level_css":""},"product_brand":[],"product_cat":[34,15],"product_tag":[],"class_list":{"0":"post-2844","1":"product","2":"type-product","3":"status-publish","4":"has-post-thumbnail","6":"product_cat-bracelet","7":"product_cat-palette","8":"product_shipping_class-bracelet","10":"first","11":"instock","12":"featured","13":"shipping-taxable","14":"purchasable","15":"product-type-variable"},"yoast_head":"<!-- This site is optimized with the Yoast SEO plugin v27.3 - https:\/\/yoast.com\/product\/yoast-seo-wordpress\/ -->\n<title>Bracelet FLOW - Flow Archery<\/title>\n<meta name=\"description\" content=\"Bracelet imprim\u00e9 en 3D en TPU souple au design holographique unique. L\u00e9ger, confortable et flexible, il allie confort et style sur le pas de tir.\" \/>\n<meta name=\"robots\" content=\"index, follow, max-snippet:-1, max-image-preview:large, max-video-preview:-1\" \/>\n<link rel=\"canonical\" href=\"https:\/\/flowarchery.com\/en\/product\/bracelet-flow\/\" \/>\n<meta property=\"og:locale\" content=\"en_US\" \/>\n<meta property=\"og:type\" content=\"article\" \/>\n<meta property=\"og:title\" content=\"Bracelet FLOW - Flow Archery\" \/>\n<meta property=\"og:description\" content=\"Bracelet imprim\u00e9 en 3D en TPU souple au design holographique unique. L\u00e9ger, confortable et flexible, il allie confort et style sur le pas de tir.\" \/>\n<meta property=\"og:url\" content=\"https:\/\/flowarchery.com\/en\/product\/bracelet-flow\/\" \/>\n<meta property=\"og:site_name\" content=\"Flow Archery\" \/>\n<meta property=\"article:modified_time\" content=\"2026-03-31T17:20:15+00:00\" \/>\n<meta property=\"og:image\" content=\"https:\/\/flowarchery.com\/wp-content\/uploads\/2026\/03\/bracelet-2-scaled-e1774719453169.jpg\" \/>\n\t<meta property=\"og:image:width\" content=\"1920\" \/>\n\t<meta property=\"og:image:height\" content=\"1920\" \/>\n\t<meta property=\"og:image:type\" content=\"image\/jpeg\" \/>\n<meta name=\"twitter:card\" content=\"summary_large_image\" \/>\n<meta name=\"twitter:label1\" content=\"Est. reading time\" \/>\n\t<meta name=\"twitter:data1\" content=\"1 minute\" \/>\n<script type=\"application\/ld+json\" class=\"yoast-schema-graph\">{\"@context\":\"https:\\\/\\\/schema.org\",\"@graph\":[{\"@type\":\"WebPage\",\"@id\":\"https:\\\/\\\/flowarchery.com\\\/produit\\\/bracelet-flow\\\/\",\"url\":\"https:\\\/\\\/flowarchery.com\\\/produit\\\/bracelet-flow\\\/\",\"name\":\"Bracelet FLOW - Flow Archery\",\"isPartOf\":{\"@id\":\"https:\\\/\\\/flowarchery.com\\\/#website\"},\"primaryImageOfPage\":{\"@id\":\"https:\\\/\\\/flowarchery.com\\\/produit\\\/bracelet-flow\\\/#primaryimage\"},\"image\":{\"@id\":\"https:\\\/\\\/flowarchery.com\\\/produit\\\/bracelet-flow\\\/#primaryimage\"},\"thumbnailUrl\":\"https:\\\/\\\/flowarchery.com\\\/wp-content\\\/uploads\\\/2026\\\/03\\\/bracelet-2-scaled-e1774719453169.jpg\",\"datePublished\":\"2026-03-28T17:45:38+00:00\",\"dateModified\":\"2026-03-31T17:20:15+00:00\",\"description\":\"Bracelet imprim\u00e9 en 3D en TPU souple au design holographique unique. L\u00e9ger, confortable et flexible, il allie confort et style sur le pas de tir.\",\"breadcrumb\":{\"@id\":\"https:\\\/\\\/flowarchery.com\\\/produit\\\/bracelet-flow\\\/#breadcrumb\"},\"inLanguage\":\"en-US\",\"potentialAction\":[{\"@type\":\"ReadAction\",\"target\":[\"https:\\\/\\\/flowarchery.com\\\/produit\\\/bracelet-flow\\\/\"]}]},{\"@type\":\"ImageObject\",\"inLanguage\":\"en-US\",\"@id\":\"https:\\\/\\\/flowarchery.com\\\/produit\\\/bracelet-flow\\\/#primaryimage\",\"url\":\"https:\\\/\\\/flowarchery.com\\\/wp-content\\\/uploads\\\/2026\\\/03\\\/bracelet-2-scaled-e1774719453169.jpg\",\"contentUrl\":\"https:\\\/\\\/flowarchery.com\\\/wp-content\\\/uploads\\\/2026\\\/03\\\/bracelet-2-scaled-e1774719453169.jpg\",\"width\":1920,\"height\":1920},{\"@type\":\"BreadcrumbList\",\"@id\":\"https:\\\/\\\/flowarchery.com\\\/produit\\\/bracelet-flow\\\/#breadcrumb\",\"itemListElement\":[{\"@type\":\"ListItem\",\"position\":1,\"name\":\"Accueil\",\"item\":\"https:\\\/\\\/flowarchery.com\\\/\"},{\"@type\":\"ListItem\",\"position\":2,\"name\":\"Shop\",\"item\":\"https:\\\/\\\/flowarchery.com\\\/shop\\\/\"},{\"@type\":\"ListItem\",\"position\":3,\"name\":\"Bracelet FLOW\"}]},{\"@type\":\"WebSite\",\"@id\":\"https:\\\/\\\/flowarchery.com\\\/#website\",\"url\":\"https:\\\/\\\/flowarchery.com\\\/\",\"name\":\"Flow Archery\",\"description\":\"#shootwithflow\",\"publisher\":{\"@id\":\"https:\\\/\\\/flowarchery.com\\\/#organization\"},\"potentialAction\":[{\"@type\":\"SearchAction\",\"target\":{\"@type\":\"EntryPoint\",\"urlTemplate\":\"https:\\\/\\\/flowarchery.com\\\/?s={search_term_string}\"},\"query-input\":{\"@type\":\"PropertyValueSpecification\",\"valueRequired\":true,\"valueName\":\"search_term_string\"}}],\"inLanguage\":\"en-US\"},{\"@type\":\"Organization\",\"@id\":\"https:\\\/\\\/flowarchery.com\\\/#organization\",\"name\":\"Flow Archery\",\"url\":\"https:\\\/\\\/flowarchery.com\\\/\",\"logo\":{\"@type\":\"ImageObject\",\"inLanguage\":\"en-US\",\"@id\":\"https:\\\/\\\/flowarchery.com\\\/#\\\/schema\\\/logo\\\/image\\\/\",\"url\":\"https:\\\/\\\/flowarchery.com\\\/wp-content\\\/uploads\\\/2026\\\/02\\\/flow-png.png\",\"contentUrl\":\"https:\\\/\\\/flowarchery.com\\\/wp-content\\\/uploads\\\/2026\\\/02\\\/flow-png.png\",\"width\":2005,\"height\":724,\"caption\":\"Flow Archery\"},\"image\":{\"@id\":\"https:\\\/\\\/flowarchery.com\\\/#\\\/schema\\\/logo\\\/image\\\/\"},\"sameAs\":[\"https:\\\/\\\/www.instagram.com\\\/flow.archery\\\/\"]}]}<\/script>\n<!-- \/ Yoast SEO plugin. -->","yoast_head_json":{"title":"Bracelet FLOW - Flow Archery","description":"Bracelet imprim\u00e9 en 3D en TPU souple au design holographique unique. L\u00e9ger, confortable et flexible, il allie confort et style sur le pas de tir.","robots":{"index":"index","follow":"follow","max-snippet":"max-snippet:-1","max-image-preview":"max-image-preview:large","max-video-preview":"max-video-preview:-1"},"canonical":"https:\/\/flowarchery.com\/en\/product\/bracelet-flow\/","og_locale":"en_US","og_type":"article","og_title":"Bracelet FLOW - Flow Archery","og_description":"Bracelet imprim\u00e9 en 3D en TPU souple au design holographique unique. L\u00e9ger, confortable et flexible, il allie confort et style sur le pas de tir.","og_url":"https:\/\/flowarchery.com\/en\/product\/bracelet-flow\/","og_site_name":"Flow Archery","article_modified_time":"2026-03-31T17:20:15+00:00","og_image":[{"width":1920,"height":1920,"url":"https:\/\/flowarchery.com\/wp-content\/uploads\/2026\/03\/bracelet-2-scaled-e1774719453169.jpg","type":"image\/jpeg"}],"twitter_card":"summary_large_image","twitter_misc":{"Est. reading time":"1 minute"},"schema":{"@context":"https:\/\/schema.org","@graph":[{"@type":"WebPage","@id":"https:\/\/flowarchery.com\/produit\/bracelet-flow\/","url":"https:\/\/flowarchery.com\/produit\/bracelet-flow\/","name":"Bracelet FLOW - Flow Archery","isPartOf":{"@id":"https:\/\/flowarchery.com\/#website"},"primaryImageOfPage":{"@id":"https:\/\/flowarchery.com\/produit\/bracelet-flow\/#primaryimage"},"image":{"@id":"https:\/\/flowarchery.com\/produit\/bracelet-flow\/#primaryimage"},"thumbnailUrl":"https:\/\/flowarchery.com\/wp-content\/uploads\/2026\/03\/bracelet-2-scaled-e1774719453169.jpg","datePublished":"2026-03-28T17:45:38+00:00","dateModified":"2026-03-31T17:20:15+00:00","description":"Bracelet imprim\u00e9 en 3D en TPU souple au design holographique unique. L\u00e9ger, confortable et flexible, il allie confort et style sur le pas de tir.","breadcrumb":{"@id":"https:\/\/flowarchery.com\/produit\/bracelet-flow\/#breadcrumb"},"inLanguage":"en-US","potentialAction":[{"@type":"ReadAction","target":["https:\/\/flowarchery.com\/produit\/bracelet-flow\/"]}]},{"@type":"ImageObject","inLanguage":"en-US","@id":"https:\/\/flowarchery.com\/produit\/bracelet-flow\/#primaryimage","url":"https:\/\/flowarchery.com\/wp-content\/uploads\/2026\/03\/bracelet-2-scaled-e1774719453169.jpg","contentUrl":"https:\/\/flowarchery.com\/wp-content\/uploads\/2026\/03\/bracelet-2-scaled-e1774719453169.jpg","width":1920,"height":1920},{"@type":"BreadcrumbList","@id":"https:\/\/flowarchery.com\/produit\/bracelet-flow\/#breadcrumb","itemListElement":[{"@type":"ListItem","position":1,"name":"Accueil","item":"https:\/\/flowarchery.com\/"},{"@type":"ListItem","position":2,"name":"Shop","item":"https:\/\/flowarchery.com\/shop\/"},{"@type":"ListItem","position":3,"name":"Bracelet FLOW"}]},{"@type":"WebSite","@id":"https:\/\/flowarchery.com\/#website","url":"https:\/\/flowarchery.com\/","name":"Flow Archery","description":"#shootwithflow","publisher":{"@id":"https:\/\/flowarchery.com\/#organization"},"potentialAction":[{"@type":"SearchAction","target":{"@type":"EntryPoint","urlTemplate":"https:\/\/flowarchery.com\/?s={search_term_string}"},"query-input":{"@type":"PropertyValueSpecification","valueRequired":true,"valueName":"search_term_string"}}],"inLanguage":"en-US"},{"@type":"Organization","@id":"https:\/\/flowarchery.com\/#organization","name":"Flow Archery","url":"https:\/\/flowarchery.com\/","logo":{"@type":"ImageObject","inLanguage":"en-US","@id":"https:\/\/flowarchery.com\/#\/schema\/logo\/image\/","url":"https:\/\/flowarchery.com\/wp-content\/uploads\/2026\/02\/flow-png.png","contentUrl":"https:\/\/flowarchery.com\/wp-content\/uploads\/2026\/02\/flow-png.png","width":2005,"height":724,"caption":"Flow Archery"},"image":{"@id":"https:\/\/flowarchery.com\/#\/schema\/logo\/image\/"},"sameAs":["https:\/\/www.instagram.com\/flow.archery\/"]}]}},"uagb_featured_image_src":{"full":["https:\/\/flowarchery.com\/wp-content\/uploads\/2026\/03\/bracelet-2-scaled-e1774719453169.jpg",1920,1920,false],"thumbnail":["https:\/\/flowarchery.com\/wp-content\/uploads\/2026\/03\/bracelet-2-scaled-e1774719453169-150x150.jpg",150,150,true],"medium":["https:\/\/flowarchery.com\/wp-content\/uploads\/2026\/03\/bracelet-2-scaled-e1774719453169-300x300.jpg",300,300,true],"medium_large":["https:\/\/flowarchery.com\/wp-content\/uploads\/2026\/03\/bracelet-2-scaled-e1774719453169-768x768.jpg",768,768,true],"large":["https:\/\/flowarchery.com\/wp-content\/uploads\/2026\/03\/bracelet-2-scaled-e1774719453169-1024x1024.jpg",1024,1024,true],"1536x1536":["https:\/\/flowarchery.com\/wp-content\/uploads\/2026\/03\/bracelet-2-scaled-e1774719453169-1536x1536.jpg",1536,1536,true],"2048x2048":["https:\/\/flowarchery.com\/wp-content\/uploads\/2026\/03\/bracelet-2-1536x2048.jpg",1536,2048,true],"trp-custom-language-flag":["https:\/\/flowarchery.com\/wp-content\/uploads\/2026\/03\/bracelet-2-scaled-e1774719453169.jpg",12,12,false],"kubio-fullhd":["https:\/\/flowarchery.com\/wp-content\/uploads\/2026\/03\/bracelet-2-scaled-e1774719453169-1080x1080.jpg",1080,1080,true],"woocommerce_thumbnail":["https:\/\/flowarchery.com\/wp-content\/uploads\/2026\/03\/bracelet-2-scaled-e1774719453169-800x800.jpg",800,800,true],"woocommerce_single":["https:\/\/flowarchery.com\/wp-content\/uploads\/2026\/03\/bracelet-2-scaled-e1774719453169-800x800.jpg",800,800,true],"woocommerce_gallery_thumbnail":["https:\/\/flowarchery.com\/wp-content\/uploads\/2026\/03\/bracelet-2-scaled-e1774719453169-100x100.jpg",100,100,true]},"uagb_author_info":{"display_name":"romain","author_link":"https:\/\/flowarchery.com\/en\/author\/"},"uagb_comment_info":0,"uagb_excerpt":"Bracelet FLOW","jetpack_sharing_enabled":true,"_links":{"self":[{"href":"https:\/\/flowarchery.com\/en\/wp-json\/wp\/v2\/product\/2844","targetHints":{"allow":["GET"]}}],"collection":[{"href":"https:\/\/flowarchery.com\/en\/wp-json\/wp\/v2\/product"}],"about":[{"href":"https:\/\/flowarchery.com\/en\/wp-json\/wp\/v2\/types\/product"}],"replies":[{"embeddable":true,"href":"https:\/\/flowarchery.com\/en\/wp-json\/wp\/v2\/comments?post=2844"}],"wp:featuredmedia":[{"embeddable":true,"href":"https:\/\/flowarchery.com\/en\/wp-json\/wp\/v2\/media\/2848"}],"wp:attachment":[{"href":"https:\/\/flowarchery.com\/en\/wp-json\/wp\/v2\/media?parent=2844"}],"wp:term":[{"taxonomy":"product_brand","embeddable":true,"href":"https:\/\/flowarchery.com\/en\/wp-json\/wp\/v2\/product_brand?post=2844"},{"taxonomy":"product_cat","embeddable":true,"href":"https:\/\/flowarchery.com\/en\/wp-json\/wp\/v2\/product_cat?post=2844"},{"taxonomy":"product_tag","embeddable":true,"href":"https:\/\/flowarchery.com\/en\/wp-json\/wp\/v2\/product_tag?post=2844"}],"curies":[{"name":"wp","href":"https:\/\/api.w.org\/{rel}","templated":true}]}}