{"id":111,"date":"2026-03-01T20:44:05","date_gmt":"2026-03-01T20:44:05","guid":{"rendered":"https:\/\/flowarchery.com\/?post_type=product&#038;p=111"},"modified":"2026-04-02T19:30:46","modified_gmt":"2026-04-02T17:30:46","slug":"palette-eclipse","status":"publish","type":"product","link":"https:\/\/flowarchery.com\/en\/product\/palette-eclipse\/","title":{"rendered":"Palette Eclipse"},"content":{"rendered":"<p>La palette Eclipse a \u00e9t\u00e9 con\u00e7ue pour offrir aux archers une sensation de tir confortable, pr\u00e9cise et l\u00e9g\u00e8re. Sa structure l\u00e9g\u00e8re en thermoplastique renforc\u00e9 en fibres de carbone assure rigidit\u00e9 et stabilit\u00e9 pour un l\u00e2cher propre. Son syst\u00e8me \u00e0 trois couches, avec cuir de kangourou stabilis\u00e9, polyur\u00e9thane et Alcantara, apporte confort, protection et durabilit\u00e9. L\u2019association de mat\u00e9riaux synth\u00e9tiques et d\u2019un cuir naturellement r\u00e9gulier permet de retrouver les m\u00eames sensations d\u2019une palette \u00e0 l\u2019autre. Gr\u00e2ce \u00e0 ses r\u00e9glages pr\u00e9cis et ses \u00e9carteurs interchangeables, elle s\u2019adapte facilement \u00e0 chaque archer.<\/p>\n<p><a style=\"display: inline-block; padding: 14px 32px; background: #1a1a1a; color: #fff; font-family: 'Outfit',sans-serif; font-size: 14px; font-weight: 500; text-decoration: none; border-radius: 50px;\" href=\"https:\/\/flowarchery.com\/en\/palette\/#section-2\">Besoin d&rsquo;aide pour choisir votre palette ?<\/a><\/p>","protected":false},"excerpt":{"rendered":"<h3>Palette Eclipse<\/h3>","protected":false},"featured_media":2135,"comment_status":"open","ping_status":"closed","template":"single-product","meta":{"saved_in_kubio":false,"_uag_custom_page_level_css":""},"product_brand":[],"product_cat":[15],"product_tag":[],"class_list":{"0":"post-111","1":"product","2":"type-product","3":"status-publish","4":"has-post-thumbnail","6":"product_cat-palette","7":"product_shipping_class-palette","9":"first","10":"instock","11":"featured","12":"shipping-taxable","13":"purchasable","14":"product-type-variable"},"yoast_head":"<!-- This site is optimized with the Yoast SEO plugin v27.3 - https:\/\/yoast.com\/product\/yoast-seo-wordpress\/ -->\n<title>Palette Eclipse - Flow Archery<\/title>\n<meta name=\"description\" content=\"Confort, pr\u00e9cision, l\u00e9g\u00e8ret\u00e9 : la palette Eclipse combine cuir kangourou stabilis\u00e9 et Alcantara. Enti\u00e8rement r\u00e9glable, elle s&#039;adapte \u00e0 votre main\" \/>\n<meta name=\"robots\" content=\"index, follow, max-snippet:-1, max-image-preview:large, max-video-preview:-1\" \/>\n<link rel=\"canonical\" href=\"https:\/\/flowarchery.com\/en\/product\/palette-eclipse\/\" \/>\n<meta property=\"og:locale\" content=\"en_US\" \/>\n<meta property=\"og:type\" content=\"article\" \/>\n<meta property=\"og:title\" content=\"Palette Eclipse - Flow Archery\" \/>\n<meta property=\"og:description\" content=\"Confort, pr\u00e9cision, l\u00e9g\u00e8ret\u00e9 : la palette Eclipse combine cuir kangourou stabilis\u00e9 et Alcantara. Enti\u00e8rement r\u00e9glable, elle s&#039;adapte \u00e0 votre main\" \/>\n<meta property=\"og:url\" content=\"https:\/\/flowarchery.com\/en\/product\/palette-eclipse\/\" \/>\n<meta property=\"og:site_name\" content=\"Flow Archery\" \/>\n<meta property=\"article:modified_time\" content=\"2026-04-02T17:30:46+00:00\" \/>\n<meta property=\"og:image\" content=\"https:\/\/flowarchery.com\/wp-content\/uploads\/2026\/03\/palette-page-prod-scaled-e1773605567636.jpg\" \/>\n\t<meta property=\"og:image:width\" content=\"1707\" \/>\n\t<meta property=\"og:image:height\" content=\"1707\" \/>\n\t<meta property=\"og:image:type\" content=\"image\/jpeg\" \/>\n<meta name=\"twitter:card\" content=\"summary_large_image\" \/>\n<meta name=\"twitter:label1\" content=\"Est. reading time\" \/>\n\t<meta name=\"twitter:data1\" content=\"1 minute\" \/>\n<script type=\"application\/ld+json\" class=\"yoast-schema-graph\">{\"@context\":\"https:\\\/\\\/schema.org\",\"@graph\":[{\"@type\":\"WebPage\",\"@id\":\"https:\\\/\\\/flowarchery.com\\\/produit\\\/palette-eclipse\\\/\",\"url\":\"https:\\\/\\\/flowarchery.com\\\/produit\\\/palette-eclipse\\\/\",\"name\":\"Palette Eclipse - Flow Archery\",\"isPartOf\":{\"@id\":\"https:\\\/\\\/flowarchery.com\\\/#website\"},\"primaryImageOfPage\":{\"@id\":\"https:\\\/\\\/flowarchery.com\\\/produit\\\/palette-eclipse\\\/#primaryimage\"},\"image\":{\"@id\":\"https:\\\/\\\/flowarchery.com\\\/produit\\\/palette-eclipse\\\/#primaryimage\"},\"thumbnailUrl\":\"https:\\\/\\\/flowarchery.com\\\/wp-content\\\/uploads\\\/2026\\\/03\\\/palette-page-prod-scaled-e1773605567636.jpg\",\"datePublished\":\"2026-03-01T20:44:05+00:00\",\"dateModified\":\"2026-04-02T17:30:46+00:00\",\"description\":\"Confort, pr\u00e9cision, l\u00e9g\u00e8ret\u00e9 : la palette Eclipse combine cuir kangourou stabilis\u00e9 et Alcantara. Enti\u00e8rement r\u00e9glable, elle s'adapte \u00e0 votre main\",\"breadcrumb\":{\"@id\":\"https:\\\/\\\/flowarchery.com\\\/produit\\\/palette-eclipse\\\/#breadcrumb\"},\"inLanguage\":\"en-US\",\"potentialAction\":[{\"@type\":\"ReadAction\",\"target\":[\"https:\\\/\\\/flowarchery.com\\\/produit\\\/palette-eclipse\\\/\"]}]},{\"@type\":\"ImageObject\",\"inLanguage\":\"en-US\",\"@id\":\"https:\\\/\\\/flowarchery.com\\\/produit\\\/palette-eclipse\\\/#primaryimage\",\"url\":\"https:\\\/\\\/flowarchery.com\\\/wp-content\\\/uploads\\\/2026\\\/03\\\/palette-page-prod-scaled-e1773605567636.jpg\",\"contentUrl\":\"https:\\\/\\\/flowarchery.com\\\/wp-content\\\/uploads\\\/2026\\\/03\\\/palette-page-prod-scaled-e1773605567636.jpg\",\"width\":1707,\"height\":1707},{\"@type\":\"BreadcrumbList\",\"@id\":\"https:\\\/\\\/flowarchery.com\\\/produit\\\/palette-eclipse\\\/#breadcrumb\",\"itemListElement\":[{\"@type\":\"ListItem\",\"position\":1,\"name\":\"Accueil\",\"item\":\"https:\\\/\\\/flowarchery.com\\\/\"},{\"@type\":\"ListItem\",\"position\":2,\"name\":\"Shop\",\"item\":\"https:\\\/\\\/flowarchery.com\\\/shop\\\/\"},{\"@type\":\"ListItem\",\"position\":3,\"name\":\"Palette Eclipse\"}]},{\"@type\":\"WebSite\",\"@id\":\"https:\\\/\\\/flowarchery.com\\\/#website\",\"url\":\"https:\\\/\\\/flowarchery.com\\\/\",\"name\":\"Flow Archery\",\"description\":\"#shootwithflow\",\"publisher\":{\"@id\":\"https:\\\/\\\/flowarchery.com\\\/#organization\"},\"potentialAction\":[{\"@type\":\"SearchAction\",\"target\":{\"@type\":\"EntryPoint\",\"urlTemplate\":\"https:\\\/\\\/flowarchery.com\\\/?s={search_term_string}\"},\"query-input\":{\"@type\":\"PropertyValueSpecification\",\"valueRequired\":true,\"valueName\":\"search_term_string\"}}],\"inLanguage\":\"en-US\"},{\"@type\":\"Organization\",\"@id\":\"https:\\\/\\\/flowarchery.com\\\/#organization\",\"name\":\"Flow Archery\",\"url\":\"https:\\\/\\\/flowarchery.com\\\/\",\"logo\":{\"@type\":\"ImageObject\",\"inLanguage\":\"en-US\",\"@id\":\"https:\\\/\\\/flowarchery.com\\\/#\\\/schema\\\/logo\\\/image\\\/\",\"url\":\"https:\\\/\\\/flowarchery.com\\\/wp-content\\\/uploads\\\/2026\\\/02\\\/flow-png.png\",\"contentUrl\":\"https:\\\/\\\/flowarchery.com\\\/wp-content\\\/uploads\\\/2026\\\/02\\\/flow-png.png\",\"width\":2005,\"height\":724,\"caption\":\"Flow Archery\"},\"image\":{\"@id\":\"https:\\\/\\\/flowarchery.com\\\/#\\\/schema\\\/logo\\\/image\\\/\"},\"sameAs\":[\"https:\\\/\\\/www.instagram.com\\\/flow.archery\\\/\"]}]}<\/script>\n<!-- \/ Yoast SEO plugin. -->","yoast_head_json":{"title":"Palette Eclipse - Flow Archery","description":"Confort, pr\u00e9cision, l\u00e9g\u00e8ret\u00e9 : la palette Eclipse combine cuir kangourou stabilis\u00e9 et Alcantara. Enti\u00e8rement r\u00e9glable, elle s'adapte \u00e0 votre main","robots":{"index":"index","follow":"follow","max-snippet":"max-snippet:-1","max-image-preview":"max-image-preview:large","max-video-preview":"max-video-preview:-1"},"canonical":"https:\/\/flowarchery.com\/en\/product\/palette-eclipse\/","og_locale":"en_US","og_type":"article","og_title":"Palette Eclipse - Flow Archery","og_description":"Confort, pr\u00e9cision, l\u00e9g\u00e8ret\u00e9 : la palette Eclipse combine cuir kangourou stabilis\u00e9 et Alcantara. Enti\u00e8rement r\u00e9glable, elle s'adapte \u00e0 votre main","og_url":"https:\/\/flowarchery.com\/en\/product\/palette-eclipse\/","og_site_name":"Flow Archery","article_modified_time":"2026-04-02T17:30:46+00:00","og_image":[{"width":1707,"height":1707,"url":"https:\/\/flowarchery.com\/wp-content\/uploads\/2026\/03\/palette-page-prod-scaled-e1773605567636.jpg","type":"image\/jpeg"}],"twitter_card":"summary_large_image","twitter_misc":{"Est. reading time":"1 minute"},"schema":{"@context":"https:\/\/schema.org","@graph":[{"@type":"WebPage","@id":"https:\/\/flowarchery.com\/produit\/palette-eclipse\/","url":"https:\/\/flowarchery.com\/produit\/palette-eclipse\/","name":"Palette Eclipse - Flow Archery","isPartOf":{"@id":"https:\/\/flowarchery.com\/#website"},"primaryImageOfPage":{"@id":"https:\/\/flowarchery.com\/produit\/palette-eclipse\/#primaryimage"},"image":{"@id":"https:\/\/flowarchery.com\/produit\/palette-eclipse\/#primaryimage"},"thumbnailUrl":"https:\/\/flowarchery.com\/wp-content\/uploads\/2026\/03\/palette-page-prod-scaled-e1773605567636.jpg","datePublished":"2026-03-01T20:44:05+00:00","dateModified":"2026-04-02T17:30:46+00:00","description":"Confort, pr\u00e9cision, l\u00e9g\u00e8ret\u00e9 : la palette Eclipse combine cuir kangourou stabilis\u00e9 et Alcantara. Enti\u00e8rement r\u00e9glable, elle s'adapte \u00e0 votre main","breadcrumb":{"@id":"https:\/\/flowarchery.com\/produit\/palette-eclipse\/#breadcrumb"},"inLanguage":"en-US","potentialAction":[{"@type":"ReadAction","target":["https:\/\/flowarchery.com\/produit\/palette-eclipse\/"]}]},{"@type":"ImageObject","inLanguage":"en-US","@id":"https:\/\/flowarchery.com\/produit\/palette-eclipse\/#primaryimage","url":"https:\/\/flowarchery.com\/wp-content\/uploads\/2026\/03\/palette-page-prod-scaled-e1773605567636.jpg","contentUrl":"https:\/\/flowarchery.com\/wp-content\/uploads\/2026\/03\/palette-page-prod-scaled-e1773605567636.jpg","width":1707,"height":1707},{"@type":"BreadcrumbList","@id":"https:\/\/flowarchery.com\/produit\/palette-eclipse\/#breadcrumb","itemListElement":[{"@type":"ListItem","position":1,"name":"Accueil","item":"https:\/\/flowarchery.com\/"},{"@type":"ListItem","position":2,"name":"Shop","item":"https:\/\/flowarchery.com\/shop\/"},{"@type":"ListItem","position":3,"name":"Palette Eclipse"}]},{"@type":"WebSite","@id":"https:\/\/flowarchery.com\/#website","url":"https:\/\/flowarchery.com\/","name":"Flow Archery","description":"#shootwithflow","publisher":{"@id":"https:\/\/flowarchery.com\/#organization"},"potentialAction":[{"@type":"SearchAction","target":{"@type":"EntryPoint","urlTemplate":"https:\/\/flowarchery.com\/?s={search_term_string}"},"query-input":{"@type":"PropertyValueSpecification","valueRequired":true,"valueName":"search_term_string"}}],"inLanguage":"en-US"},{"@type":"Organization","@id":"https:\/\/flowarchery.com\/#organization","name":"Flow Archery","url":"https:\/\/flowarchery.com\/","logo":{"@type":"ImageObject","inLanguage":"en-US","@id":"https:\/\/flowarchery.com\/#\/schema\/logo\/image\/","url":"https:\/\/flowarchery.com\/wp-content\/uploads\/2026\/02\/flow-png.png","contentUrl":"https:\/\/flowarchery.com\/wp-content\/uploads\/2026\/02\/flow-png.png","width":2005,"height":724,"caption":"Flow Archery"},"image":{"@id":"https:\/\/flowarchery.com\/#\/schema\/logo\/image\/"},"sameAs":["https:\/\/www.instagram.com\/flow.archery\/"]}]}},"uagb_featured_image_src":{"full":["https:\/\/flowarchery.com\/wp-content\/uploads\/2026\/03\/palette-page-prod-scaled-e1773605567636.jpg",1707,1707,false],"thumbnail":["https:\/\/flowarchery.com\/wp-content\/uploads\/2026\/03\/palette-page-prod-scaled-e1773605567636-150x150.jpg",150,150,true],"medium":["https:\/\/flowarchery.com\/wp-content\/uploads\/2026\/03\/palette-page-prod-scaled-e1773605567636-300x300.jpg",300,300,true],"medium_large":["https:\/\/flowarchery.com\/wp-content\/uploads\/2026\/03\/palette-page-prod-scaled-e1773605567636-768x768.jpg",768,768,true],"large":["https:\/\/flowarchery.com\/wp-content\/uploads\/2026\/03\/palette-page-prod-scaled-e1773605567636-1024x1024.jpg",1024,1024,true],"1536x1536":["https:\/\/flowarchery.com\/wp-content\/uploads\/2026\/03\/palette-page-prod-scaled-e1773605567636-1536x1536.jpg",1536,1536,true],"2048x2048":["https:\/\/flowarchery.com\/wp-content\/uploads\/2026\/03\/palette-page-prod-1365x2048.jpg",1365,2048,true],"trp-custom-language-flag":["https:\/\/flowarchery.com\/wp-content\/uploads\/2026\/03\/palette-page-prod-scaled-e1773605567636.jpg",12,12,false],"kubio-fullhd":["https:\/\/flowarchery.com\/wp-content\/uploads\/2026\/03\/palette-page-prod-scaled-e1773605567636-1080x1080.jpg",1080,1080,true],"woocommerce_thumbnail":["https:\/\/flowarchery.com\/wp-content\/uploads\/2026\/03\/palette-page-prod-scaled-e1773605567636-800x800.jpg",800,800,true],"woocommerce_single":["https:\/\/flowarchery.com\/wp-content\/uploads\/2026\/03\/palette-page-prod-scaled-e1773605567636-800x800.jpg",800,800,true],"woocommerce_gallery_thumbnail":["https:\/\/flowarchery.com\/wp-content\/uploads\/2026\/03\/palette-page-prod-scaled-e1773605567636-100x100.jpg",100,100,true]},"uagb_author_info":{"display_name":"romain","author_link":"https:\/\/flowarchery.com\/en\/author\/"},"uagb_comment_info":1,"uagb_excerpt":"Palette Eclipse","jetpack_sharing_enabled":true,"_links":{"self":[{"href":"https:\/\/flowarchery.com\/en\/wp-json\/wp\/v2\/product\/111","targetHints":{"allow":["GET"]}}],"collection":[{"href":"https:\/\/flowarchery.com\/en\/wp-json\/wp\/v2\/product"}],"about":[{"href":"https:\/\/flowarchery.com\/en\/wp-json\/wp\/v2\/types\/product"}],"replies":[{"embeddable":true,"href":"https:\/\/flowarchery.com\/en\/wp-json\/wp\/v2\/comments?post=111"}],"wp:featuredmedia":[{"embeddable":true,"href":"https:\/\/flowarchery.com\/en\/wp-json\/wp\/v2\/media\/2135"}],"wp:attachment":[{"href":"https:\/\/flowarchery.com\/en\/wp-json\/wp\/v2\/media?parent=111"}],"wp:term":[{"taxonomy":"product_brand","embeddable":true,"href":"https:\/\/flowarchery.com\/en\/wp-json\/wp\/v2\/product_brand?post=111"},{"taxonomy":"product_cat","embeddable":true,"href":"https:\/\/flowarchery.com\/en\/wp-json\/wp\/v2\/product_cat?post=111"},{"taxonomy":"product_tag","embeddable":true,"href":"https:\/\/flowarchery.com\/en\/wp-json\/wp\/v2\/product_tag?post=111"}],"curies":[{"name":"wp","href":"https:\/\/api.w.org\/{rel}","templated":true}]}}